{"id":41,"date":"2022-10-06T23:31:12","date_gmt":"2022-10-06T23:31:12","guid":{"rendered":"https:\/\/espacoambiental.com.br\/?page_id=41"},"modified":"2026-04-18T23:44:30","modified_gmt":"2026-04-18T23:44:30","slug":"inicio","status":"publish","type":"page","link":"https:\/\/espacoambiental.com.br\/","title":{"rendered":"In\u00edcio"},"content":{"rendered":"\n<div class=\"wp-block-columns is-layout-flex wp-container-core-columns-is-layout-9d6595d7 wp-block-columns-is-layout-flex\">\n<div class=\"wp-block-column is-layout-flow wp-block-column-is-layout-flow\">\n<h3 class=\"wp-block-heading\">Conhe\u00e7a nossas \u00c1reas de Atua\u00e7\u00e3o<\/h3>\n\n\n\n<p class=\"has-text-align-left\" style=\"font-size:16px\">Atuamos em diversas \u00e1reas da Engenharia Ambiental, levando solu\u00e7\u00f5es sustent\u00e1veis para o seu neg\u00f3cio de forma \u00e1gil e eficaz. <\/p>\n\n\n\n<p class=\"has-text-align-left\" style=\"font-size:16px\">Possu\u00edmos uma equipe t\u00e9cnica qualificada, al\u00e9m de consultores externos e empresas parceiras, de forma a atender sua demanda e ajudar a expandir o seu empreendimento.<\/p>\n<\/div>\n\n\n\n<div class=\"wp-block-column is-layout-flow wp-block-column-is-layout-flow\">\n<div class=\"wp-block-columns is-layout-flex wp-container-core-columns-is-layout-9d6595d7 wp-block-columns-is-layout-flex\">\n<div class=\"wp-block-column is-vertically-aligned-center is-layout-flow wp-block-column-is-layout-flow\">\n<figure class=\"wp-block-image size-large is-style-rounded\"><img fetchpriority=\"high\" decoding=\"async\" width=\"1024\" height=\"724\" src=\"http:\/\/espacoambiental.com.br\/wp-content\/uploads\/2024\/01\/1-1024x724.png\" alt=\"\" class=\"wp-image-1360\" srcset=\"https:\/\/espacoambiental.com.br\/wp-content\/uploads\/2024\/01\/1-1024x724.png 1024w, https:\/\/espacoambiental.com.br\/wp-content\/uploads\/2024\/01\/1-300x212.png 300w, https:\/\/espacoambiental.com.br\/wp-content\/uploads\/2024\/01\/1-768x543.png 768w, https:\/\/espacoambiental.com.br\/wp-content\/uploads\/2024\/01\/1-1536x1086.png 1536w, https:\/\/espacoambiental.com.br\/wp-content\/uploads\/2024\/01\/1.png 2000w\" sizes=\"(max-width: 1024px) 100vw, 1024px\" \/><\/figure>\n<\/div>\n\n\n\n<div class=\"wp-block-column is-vertically-aligned-bottom is-layout-flow wp-block-column-is-layout-flow\">\n<figure class=\"wp-block-image size-large is-style-rounded\"><img decoding=\"async\" width=\"1024\" height=\"724\" src=\"http:\/\/espacoambiental.com.br\/wp-content\/uploads\/2024\/01\/2-1024x724.png\" alt=\"\" class=\"wp-image-1361\" srcset=\"https:\/\/espacoambiental.com.br\/wp-content\/uploads\/2024\/01\/2-1024x724.png 1024w, https:\/\/espacoambiental.com.br\/wp-content\/uploads\/2024\/01\/2-300x212.png 300w, https:\/\/espacoambiental.com.br\/wp-content\/uploads\/2024\/01\/2-768x543.png 768w, https:\/\/espacoambiental.com.br\/wp-content\/uploads\/2024\/01\/2-1536x1086.png 1536w, https:\/\/espacoambiental.com.br\/wp-content\/uploads\/2024\/01\/2.png 2000w\" sizes=\"(max-width: 1024px) 100vw, 1024px\" \/><\/figure>\n<\/div>\n<\/div>\n\n\n\n<div class=\"wp-block-columns is-layout-flex wp-container-core-columns-is-layout-9d6595d7 wp-block-columns-is-layout-flex\">\n<div class=\"wp-block-column is-layout-flow wp-block-column-is-layout-flow\"><div class=\"wp-block-image is-style-rounded\">\n<figure class=\"aligncenter size-full\"><img decoding=\"async\" width=\"2000\" height=\"1414\" src=\"http:\/\/espacoambiental.com.br\/wp-content\/uploads\/2024\/01\/3.png\" alt=\"\" class=\"wp-image-1362\" srcset=\"https:\/\/espacoambiental.com.br\/wp-content\/uploads\/2024\/01\/3.png 2000w, https:\/\/espacoambiental.com.br\/wp-content\/uploads\/2024\/01\/3-300x212.png 300w, https:\/\/espacoambiental.com.br\/wp-content\/uploads\/2024\/01\/3-1024x724.png 1024w, https:\/\/espacoambiental.com.br\/wp-content\/uploads\/2024\/01\/3-768x543.png 768w, https:\/\/espacoambiental.com.br\/wp-content\/uploads\/2024\/01\/3-1536x1086.png 1536w\" sizes=\"(max-width: 2000px) 100vw, 2000px\" \/><\/figure>\n<\/div><\/div>\n\n\n\n<div class=\"wp-block-column is-layout-flow wp-block-column-is-layout-flow\"><div class=\"wp-block-image is-style-rounded\">\n<figure class=\"aligncenter size-large\"><img loading=\"lazy\" decoding=\"async\" width=\"1024\" height=\"724\" src=\"http:\/\/espacoambiental.com.br\/wp-content\/uploads\/2024\/01\/GESTAO-DE-RESIDUOS-1024x724.png\" alt=\"\" class=\"wp-image-1364\" srcset=\"https:\/\/espacoambiental.com.br\/wp-content\/uploads\/2024\/01\/GESTAO-DE-RESIDUOS-1024x724.png 1024w, https:\/\/espacoambiental.com.br\/wp-content\/uploads\/2024\/01\/GESTAO-DE-RESIDUOS-300x212.png 300w, https:\/\/espacoambiental.com.br\/wp-content\/uploads\/2024\/01\/GESTAO-DE-RESIDUOS-768x543.png 768w, https:\/\/espacoambiental.com.br\/wp-content\/uploads\/2024\/01\/GESTAO-DE-RESIDUOS-1536x1086.png 1536w, https:\/\/espacoambiental.com.br\/wp-content\/uploads\/2024\/01\/GESTAO-DE-RESIDUOS.png 2000w\" sizes=\"(max-width: 1024px) 100vw, 1024px\" \/><\/figure>\n<\/div><\/div>\n<\/div>\n<\/div>\n<\/div>\n\n\n\n<div class=\"wp-block-columns is-layout-flex wp-container-core-columns-is-layout-9d6595d7 wp-block-columns-is-layout-flex\">\n<div class=\"wp-block-column is-layout-flow wp-block-column-is-layout-flow\">\n<figure class=\"wp-block-gallery has-nested-images columns-default is-cropped wp-block-gallery-1 is-layout-flex wp-block-gallery-is-layout-flex\">\n<figure class=\"wp-block-image size-full is-style-rounded\"><img loading=\"lazy\" decoding=\"async\" width=\"459\" height=\"259\" data-id=\"932\" src=\"https:\/\/espacoambiental.com.br\/wp-content\/uploads\/2022\/10\/2-3-edited-1.png\" alt=\"\" class=\"wp-image-932\" srcset=\"https:\/\/espacoambiental.com.br\/wp-content\/uploads\/2022\/10\/2-3-edited-1.png 459w, https:\/\/espacoambiental.com.br\/wp-content\/uploads\/2022\/10\/2-3-edited-1-300x169.png 300w\" sizes=\"(max-width: 459px) 100vw, 459px\" \/><\/figure>\n<\/figure>\n<\/div>\n\n\n\n<div class=\"wp-block-column is-layout-flow wp-block-column-is-layout-flow\">\n<h3 class=\"wp-block-heading\">O nosso neg\u00f3cio \u00e9 fazer o seu dar certo!<\/h3>\n\n\n\n<p style=\"font-size:16px\">Acompanhamos nossos clientes em todas as etapas, focando em suas necessidades ao apresentar novas ideias e desenvolver estrat\u00e9gias eficientes com solu\u00e7\u00f5es vi\u00e1veis e de alta qualidade. <\/p>\n\n\n\n<p style=\"font-size:16px\">Visamos sempre a adequa\u00e7\u00e3o dos empreendimentos quanto \u00e0 legisla\u00e7\u00e3o ambiental, o desenvolvimento de programas de gest\u00e3o e educa\u00e7\u00e3o ambiental para o crescimento de uma sociedade sustent\u00e1vel.<\/p>\n<\/div>\n<\/div>\n\n\n\n<h3 class=\"wp-block-heading has-text-align-left\">Fale com a Espa\u00e7o Ambiental<\/h3>\n\n\n\n\n\n<h3 class=\"wp-block-heading has-text-align-center\" style=\"font-style:italic;font-weight:700\">Com quem trabalhamos<\/h3>\n\n\n\n<div class=\"wp-block-essential-blocks-slider  root-eb-slider-kpyi49d\"><div class=\"eb-parent-wrapper eb-parent-eb-slider-kpyi49d eb_animation eb___animated eb___slideInUp\"><div class=\"eb-slider-wrapper eb-slider-kpyi49d default-slider\" data-blockid=\"eb-slider-kpyi49d\" data-version=\"v4\" data-settings=\"eyJhcnJvd3MiOnRydWUsImFkYXB0aXZlSGVpZ2h0Ijp0cnVlLCJhdXRvcGxheSI6dHJ1ZSwiYXV0b3BsYXlTcGVlZCI6NDAwMCwiZG90cyI6dHJ1ZSwiZmFkZSI6ZmFsc2UsImluZmluaXRlIjp0cnVlLCJwYXVzZU9uSG92ZXIiOnRydWUsInNsaWRlc1RvU2hvdyI6NSwic3BlZWQiOjUwMCwidmVydGljYWwiOmZhbHNlLCJjdXJyZW50U2xpZGUiOjAsInJ0bCI6ZmFsc2UsInJlc3BvbnNpdmUiOlt7ImJyZWFrcG9pbnQiOjEwMjUsInNldHRpbmdzIjp7InNsaWRlc1RvU2hvdyI6NX19LHsiYnJlYWtwb2ludCI6NzY3LCJzZXR0aW5ncyI6eyJzbGlkZXNUb1Nob3ciOjV9fV19\" data-arrownexticon=\"fas fa-arrow-alt-circle-right\" data-arrowprevicon=\"fas fa-arrow-alt-circle-left\" data-lightbox=\"false\"><div class=\"eb-slider-init eb-slider-type-image\"><div class=\"eb-slider-item content-1\" data-src=\"http:\/\/espacoambiental.com.br\/wp-content\/uploads\/2023\/02\/6-removebg-preview-1.png\"><div><img class=\"eb-slider-image\" data-lazy=\"http:\/\/espacoambiental.com.br\/wp-content\/uploads\/2023\/02\/6-removebg-preview-1.png\"\/><\/div><\/div><div class=\"eb-slider-item content-1\" data-src=\"http:\/\/espacoambiental.com.br\/wp-content\/uploads\/2023\/02\/5-removebg-preview-1.png\"><div><img class=\"eb-slider-image\" data-lazy=\"http:\/\/espacoambiental.com.br\/wp-content\/uploads\/2023\/02\/5-removebg-preview-1.png\"\/><\/div><\/div><div class=\"eb-slider-item content-1\" data-src=\"http:\/\/espacoambiental.com.br\/wp-content\/uploads\/2023\/02\/4-removebg-preview-1.png\"><div><img class=\"eb-slider-image\" data-lazy=\"http:\/\/espacoambiental.com.br\/wp-content\/uploads\/2023\/02\/4-removebg-preview-1.png\"\/><\/div><\/div><div class=\"eb-slider-item content-1\" data-src=\"http:\/\/espacoambiental.com.br\/wp-content\/uploads\/2023\/02\/3-removebg-preview-1.png\"><div><img class=\"eb-slider-image\" data-lazy=\"http:\/\/espacoambiental.com.br\/wp-content\/uploads\/2023\/02\/3-removebg-preview-1.png\"\/><\/div><\/div><div class=\"eb-slider-item content-1\" data-src=\"http:\/\/espacoambiental.com.br\/wp-content\/uploads\/2026\/04\/logo-sanepar-removebg-preview.png\"><div><img class=\"eb-slider-image\" data-lazy=\"http:\/\/espacoambiental.com.br\/wp-content\/uploads\/2026\/04\/logo-sanepar-removebg-preview.png\"\/><\/div><\/div><div class=\"eb-slider-item content-1\" data-src=\"http:\/\/espacoambiental.com.br\/wp-content\/uploads\/2026\/04\/floram-florianopolis-multa-ambiental-advogado-removebg-preview.png\"><div><img class=\"eb-slider-image\" data-lazy=\"http:\/\/espacoambiental.com.br\/wp-content\/uploads\/2026\/04\/floram-florianopolis-multa-ambiental-advogado-removebg-preview.png\"\/><\/div><\/div><\/div><\/div><\/div><\/div>\n\n\n\n<p><\/p>\n","protected":false},"excerpt":{"rendered":"<p>Conhe\u00e7a nossas \u00c1reas de Atua\u00e7\u00e3o Atuamos em diversas \u00e1reas da Engenharia Ambiental, levando solu\u00e7\u00f5es sustent\u00e1veis para o seu neg\u00f3cio de forma \u00e1gil e eficaz. Possu\u00edmos uma equipe t\u00e9cnica qualificada, al\u00e9m de consultores externos e empresas parceiras, de forma a atender sua demanda e ajudar a expandir o seu empreendimento. O nosso neg\u00f3cio \u00e9 fazer o seu dar certo! Acompanhamos nossos [&hellip;]<\/p>\n","protected":false},"author":1,"featured_media":0,"parent":0,"menu_order":0,"comment_status":"closed","ping_status":"closed","template":"elementor_theme","meta":{"_eb_attr":"","om_disable_all_campaigns":false,"_joinchat":[],"footnotes":""},"class_list":["post-41","page","type-page","status-publish","hentry"],"aioseo_notices":[],"_links":{"self":[{"href":"https:\/\/espacoambiental.com.br\/index.php?rest_route=\/wp\/v2\/pages\/41","targetHints":{"allow":["GET"]}}],"collection":[{"href":"https:\/\/espacoambiental.com.br\/index.php?rest_route=\/wp\/v2\/pages"}],"about":[{"href":"https:\/\/espacoambiental.com.br\/index.php?rest_route=\/wp\/v2\/types\/page"}],"author":[{"embeddable":true,"href":"https:\/\/espacoambiental.com.br\/index.php?rest_route=\/wp\/v2\/users\/1"}],"replies":[{"embeddable":true,"href":"https:\/\/espacoambiental.com.br\/index.php?rest_route=%2Fwp%2Fv2%2Fcomments&post=41"}],"version-history":[{"count":84,"href":"https:\/\/espacoambiental.com.br\/index.php?rest_route=\/wp\/v2\/pages\/41\/revisions"}],"predecessor-version":[{"id":1497,"href":"https:\/\/espacoambiental.com.br\/index.php?rest_route=\/wp\/v2\/pages\/41\/revisions\/1497"}],"wp:attachment":[{"href":"https:\/\/espacoambiental.com.br\/index.php?rest_route=%2Fwp%2Fv2%2Fmedia&parent=41"}],"curies":[{"name":"wp","href":"https:\/\/api.w.org\/{rel}","templated":true}]}}